{"id":1095,"date":"2024-02-15T09:38:21","date_gmt":"2024-02-15T09:38:21","guid":{"rendered":"https:\/\/garkos.pt\/?post_type=product&#038;p=1095"},"modified":"2024-02-15T09:44:54","modified_gmt":"2024-02-15T09:44:54","slug":"aparafusadora-brushless-gk-14-4h","status":"publish","type":"product","link":"https:\/\/garkos.pt\/index.php\/produto\/aparafusadora-brushless-gk-14-4h\/","title":{"rendered":"Aparafusadora Brushless GK-14.4H"},"content":{"rendered":"<div class=\"x11i5rnm xat24cr x1mh8g0r x1vvkbs xtlvy1s x126k92a\">\n<div dir=\"auto\">Artigo vendido com:<\/div>\n<\/div>\n<div class=\"x11i5rnm xat24cr x1mh8g0r x1vvkbs xtlvy1s x126k92a\">\n<div dir=\"auto\">2 baterias 14,4V 2.0Ah<\/div>\n<div dir=\"auto\">Carregador 220V<\/div>\n<div dir=\"auto\">M\u00e1quina<\/div>\n<div dir=\"auto\">Mala de transporte<\/div>\n<div dir=\"auto\">Manual de instru\u00e7\u00f5es traduzido<\/div>\n<div dir=\"auto\">Certificado CE<\/div>\n<\/div>\n","protected":false},"excerpt":{"rendered":"<p>Artigo vendido com: 2 baterias 14,4V 2.0Ah Carregador 220V M\u00e1quina Mala de transporte Manual de instru\u00e7\u00f5es traduzido Certificado CE<\/p>\n","protected":false},"featured_media":1096,"comment_status":"open","ping_status":"closed","template":"","meta":{"om_disable_all_campaigns":false,"_monsterinsights_skip_tracking":false,"_monsterinsights_sitenote_active":false,"_monsterinsights_sitenote_note":"","_monsterinsights_sitenote_category":0},"product_cat":[39],"product_tag":[],"class_list":{"0":"post-1095","1":"product","2":"type-product","3":"status-publish","4":"has-post-thumbnail","6":"product_cat-eletrica","8":"first","9":"instock","10":"shipping-taxable","11":"product-type-simple"},"aioseo_notices":[],"_links":{"self":[{"href":"https:\/\/garkos.pt\/index.php\/wp-json\/wp\/v2\/product\/1095","targetHints":{"allow":["GET"]}}],"collection":[{"href":"https:\/\/garkos.pt\/index.php\/wp-json\/wp\/v2\/product"}],"about":[{"href":"https:\/\/garkos.pt\/index.php\/wp-json\/wp\/v2\/types\/product"}],"replies":[{"embeddable":true,"href":"https:\/\/garkos.pt\/index.php\/wp-json\/wp\/v2\/comments?post=1095"}],"wp:featuredmedia":[{"embeddable":true,"href":"https:\/\/garkos.pt\/index.php\/wp-json\/wp\/v2\/media\/1096"}],"wp:attachment":[{"href":"https:\/\/garkos.pt\/index.php\/wp-json\/wp\/v2\/media?parent=1095"}],"wp:term":[{"taxonomy":"product_cat","embeddable":true,"href":"https:\/\/garkos.pt\/index.php\/wp-json\/wp\/v2\/product_cat?post=1095"},{"taxonomy":"product_tag","embeddable":true,"href":"https:\/\/garkos.pt\/index.php\/wp-json\/wp\/v2\/product_tag?post=1095"}],"curies":[{"name":"wp","href":"https:\/\/api.w.org\/{rel}","templated":true}]}}