{"id":1105,"date":"2024-02-15T10:08:28","date_gmt":"2024-02-15T10:08:28","guid":{"rendered":"https:\/\/garkos.pt\/?post_type=product&#038;p=1105"},"modified":"2024-02-15T10:09:30","modified_gmt":"2024-02-15T10:09:30","slug":"lameladora-s1a-800","status":"publish","type":"product","link":"https:\/\/garkos.pt\/index.php\/produto\/lameladora-s1a-800\/","title":{"rendered":"Lameladora S1A-800"},"content":{"rendered":"<div dir=\"auto\">Mesa regul\u00e1vel em altura;<\/div>\n<div dir=\"auto\">890w de pot\u00eancia;<\/div>\n<div dir=\"auto\">Disco pastilhado com tratamento diamante;<\/div>\n<div dir=\"auto\">Certifica\u00e7\u00e3o CE inclu\u00edda;<\/div>\n","protected":false},"excerpt":{"rendered":"<p>Mesa regul\u00e1vel em altura; 890w de pot\u00eancia; Disco pastilhado com tratamento diamante; Certifica\u00e7\u00e3o CE inclu\u00edda;<\/p>\n","protected":false},"featured_media":1106,"comment_status":"open","ping_status":"closed","template":"","meta":{"om_disable_all_campaigns":false,"_monsterinsights_skip_tracking":false,"_monsterinsights_sitenote_active":false,"_monsterinsights_sitenote_note":"","_monsterinsights_sitenote_category":0},"product_cat":[39],"product_tag":[],"class_list":{"0":"post-1105","1":"product","2":"type-product","3":"status-publish","4":"has-post-thumbnail","6":"product_cat-eletrica","8":"first","9":"instock","10":"shipping-taxable","11":"product-type-simple"},"aioseo_notices":[],"_links":{"self":[{"href":"https:\/\/garkos.pt\/index.php\/wp-json\/wp\/v2\/product\/1105","targetHints":{"allow":["GET"]}}],"collection":[{"href":"https:\/\/garkos.pt\/index.php\/wp-json\/wp\/v2\/product"}],"about":[{"href":"https:\/\/garkos.pt\/index.php\/wp-json\/wp\/v2\/types\/product"}],"replies":[{"embeddable":true,"href":"https:\/\/garkos.pt\/index.php\/wp-json\/wp\/v2\/comments?post=1105"}],"wp:featuredmedia":[{"embeddable":true,"href":"https:\/\/garkos.pt\/index.php\/wp-json\/wp\/v2\/media\/1106"}],"wp:attachment":[{"href":"https:\/\/garkos.pt\/index.php\/wp-json\/wp\/v2\/media?parent=1105"}],"wp:term":[{"taxonomy":"product_cat","embeddable":true,"href":"https:\/\/garkos.pt\/index.php\/wp-json\/wp\/v2\/product_cat?post=1105"},{"taxonomy":"product_tag","embeddable":true,"href":"https:\/\/garkos.pt\/index.php\/wp-json\/wp\/v2\/product_tag?post=1105"}],"curies":[{"name":"wp","href":"https:\/\/api.w.org\/{rel}","templated":true}]}}