{"id":1111,"date":"2024-02-15T10:14:29","date_gmt":"2024-02-15T10:14:29","guid":{"rendered":"https:\/\/garkos.pt\/?post_type=product&#038;p=1111"},"modified":"2024-02-15T10:28:23","modified_gmt":"2024-02-15T10:28:23","slug":"serra-de-espuma-latex-gk300","status":"publish","type":"product","link":"https:\/\/garkos.pt\/index.php\/produto\/serra-de-espuma-latex-gk300\/","title":{"rendered":"Serra de Espuma\/Latex GK300"},"content":{"rendered":"<div dir=\"auto\">350Wts<\/div>\n<div dir=\"auto\">4 laminas<\/div>\n<div dir=\"auto\">1 base<\/div>\n<div dir=\"auto\">1 guia de 300mm<\/div>\n<div dir=\"auto\">Livro de instru\u00e7\u00f5es<\/div>\n<div dir=\"auto\">Artigo novo com garantia total de 1 ano com certificado anexo \u00e1 venda;<\/div>\n<div dir=\"auto\">M\u00e1quina com 90% de compatibilidade com a Bosch entre as quais, laminas, guias, e pe\u00e7as de interior;<\/div>\n<div dir=\"auto\">A nossa m\u00e1quina, conta com certificado CE registado na EU pela marca internacional GARKOS, que est\u00e1 no mercado para competir com pre\u00e7o e qualidade;<\/div>\n<div dir=\"auto\">Leve, compacta e potente.<\/div>\n","protected":false},"excerpt":{"rendered":"<p>350Wts 4 laminas 1 base 1 guia de 300mm Livro de instru\u00e7\u00f5es Artigo novo com garantia total de 1 ano com certificado anexo \u00e1 venda; M\u00e1quina com 90% de compatibilidade com a Bosch entre as quais, laminas, guias, e pe\u00e7as de interior; A nossa m\u00e1quina,&hellip;<\/p>\n","protected":false},"featured_media":1113,"comment_status":"open","ping_status":"closed","template":"","meta":{"om_disable_all_campaigns":false,"_monsterinsights_skip_tracking":false,"_monsterinsights_sitenote_active":false,"_monsterinsights_sitenote_note":"","_monsterinsights_sitenote_category":0},"product_cat":[39],"product_tag":[],"class_list":{"0":"post-1111","1":"product","2":"type-product","3":"status-publish","4":"has-post-thumbnail","6":"product_cat-eletrica","8":"first","9":"instock","10":"shipping-taxable","11":"product-type-simple"},"aioseo_notices":[],"_links":{"self":[{"href":"https:\/\/garkos.pt\/index.php\/wp-json\/wp\/v2\/product\/1111","targetHints":{"allow":["GET"]}}],"collection":[{"href":"https:\/\/garkos.pt\/index.php\/wp-json\/wp\/v2\/product"}],"about":[{"href":"https:\/\/garkos.pt\/index.php\/wp-json\/wp\/v2\/types\/product"}],"replies":[{"embeddable":true,"href":"https:\/\/garkos.pt\/index.php\/wp-json\/wp\/v2\/comments?post=1111"}],"wp:featuredmedia":[{"embeddable":true,"href":"https:\/\/garkos.pt\/index.php\/wp-json\/wp\/v2\/media\/1113"}],"wp:attachment":[{"href":"https:\/\/garkos.pt\/index.php\/wp-json\/wp\/v2\/media?parent=1111"}],"wp:term":[{"taxonomy":"product_cat","embeddable":true,"href":"https:\/\/garkos.pt\/index.php\/wp-json\/wp\/v2\/product_cat?post=1111"},{"taxonomy":"product_tag","embeddable":true,"href":"https:\/\/garkos.pt\/index.php\/wp-json\/wp\/v2\/product_tag?post=1111"}],"curies":[{"name":"wp","href":"https:\/\/api.w.org\/{rel}","templated":true}]}}